{"id":286,"date":"2016-06-30T15:41:09","date_gmt":"2016-06-30T13:41:09","guid":{"rendered":"http:\/\/www.beltrami.it\/en\/hotel\/hotel-plaza-athenee\/"},"modified":"2016-09-09T17:51:26","modified_gmt":"2016-09-09T15:51:26","slug":"hotel-plaza-athenee","status":"publish","type":"page","link":"https:\/\/www.beltrami.it\/en\/hotel\/hotel-plaza-athenee\/","title":{"rendered":"Hotel Plaza Athe\u0301ne\u0301e"},"content":{"rendered":"<p><strong>The Haute Couture address in Paris<\/strong><\/p>\n<p>When it comes to luxury in the most romantic and stylish city in the world, look no further than the legendary H\u00f4tel Plaza Ath\u00e9n\u00e9e. Situated in the heart of Haute Couture, on the renowned avenue Montaigne, this Dorchester Collection hotel is in the ideal location for the finest shopping that Paris has to offer, and has some of the most magnificent views of the Eiffel Tower.<\/p>\n<p>Established in 1913, the hotel has frequently welcomed royalty, celebrities, and politicians through its doors, and has distinguished itself as one of the best hotels in Paris.<\/p>\n","protected":false},"excerpt":{"rendered":"<p>The Haute Couture address in Paris When it comes to luxury in the most romantic and stylish city in the world, look no further than the legendary H\u00f4tel Plaza Ath\u00e9n\u00e9e. Situated in the heart of Haute Couture, on the renowned avenue Montaigne, this Dorchester Collection hotel is in the ideal location for the finest shopping [&hellip;]<\/p>\n","protected":false},"author":1,"featured_media":73,"parent":206,"menu_order":0,"comment_status":"closed","ping_status":"closed","template":"","meta":{"_acf_changed":false,"footnotes":""},"class_list":["post-286","page","type-page","status-publish","has-post-thumbnail","hentry"],"acf":[],"yoast_head":"<!-- This site is optimized with the Yoast SEO plugin v27.5 - https:\/\/yoast.com\/product\/yoast-seo-wordpress\/ -->\n<title>Hotel Plaza Athe\u0301ne\u0301e - Beltrami<\/title>\n<meta name=\"robots\" content=\"index, follow, max-snippet:-1, max-image-preview:large, max-video-preview:-1\" \/>\n<link rel=\"canonical\" href=\"https:\/\/www.beltrami.it\/en\/hotel\/hotel-plaza-athenee\/\" \/>\n<meta property=\"og:locale\" content=\"en_US\" \/>\n<meta property=\"og:type\" content=\"article\" \/>\n<meta property=\"og:title\" content=\"Hotel Plaza Athe\u0301ne\u0301e - Beltrami\" \/>\n<meta property=\"og:description\" content=\"The Haute Couture address in Paris When it comes to luxury in the most romantic and stylish city in the world, look no further than the legendary H\u00f4tel Plaza Ath\u00e9n\u00e9e. Situated in the heart of Haute Couture, on the renowned avenue Montaigne, this Dorchester Collection hotel is in the ideal location for the finest shopping [&hellip;]\" \/>\n<meta property=\"og:url\" content=\"https:\/\/www.beltrami.it\/en\/hotel\/hotel-plaza-athenee\/\" \/>\n<meta property=\"og:site_name\" content=\"Beltrami\" \/>\n<meta property=\"article:publisher\" content=\"https:\/\/www.facebook.com\/beltrami.linen\" \/>\n<meta property=\"article:modified_time\" content=\"2016-09-09T15:51:26+00:00\" \/>\n<meta property=\"og:image\" content=\"https:\/\/www.beltrami.it\/wp-content\/uploads\/2016\/06\/plaza-athenee.jpg\" \/>\n\t<meta property=\"og:image:width\" content=\"1200\" \/>\n\t<meta property=\"og:image:height\" content=\"600\" \/>\n\t<meta property=\"og:image:type\" content=\"image\/jpeg\" \/>\n<meta name=\"twitter:card\" content=\"summary_large_image\" \/>\n<meta name=\"twitter:label1\" content=\"Est. reading time\" \/>\n\t<meta name=\"twitter:data1\" content=\"1 minute\" \/>\n<script type=\"application\/ld+json\" class=\"yoast-schema-graph\">{\"@context\":\"https:\\\/\\\/schema.org\",\"@graph\":[{\"@type\":\"WebPage\",\"@id\":\"https:\\\/\\\/www.beltrami.it\\\/en\\\/hotel\\\/hotel-plaza-athenee\\\/\",\"url\":\"https:\\\/\\\/www.beltrami.it\\\/en\\\/hotel\\\/hotel-plaza-athenee\\\/\",\"name\":\"Hotel Plaza Athe\u0301ne\u0301e - Beltrami\",\"isPartOf\":{\"@id\":\"https:\\\/\\\/www.beltrami.it\\\/#website\"},\"primaryImageOfPage\":{\"@id\":\"https:\\\/\\\/www.beltrami.it\\\/en\\\/hotel\\\/hotel-plaza-athenee\\\/#primaryimage\"},\"image\":{\"@id\":\"https:\\\/\\\/www.beltrami.it\\\/en\\\/hotel\\\/hotel-plaza-athenee\\\/#primaryimage\"},\"thumbnailUrl\":\"https:\\\/\\\/www.beltrami.it\\\/wp-content\\\/uploads\\\/2016\\\/06\\\/plaza-athenee.jpg\",\"datePublished\":\"2016-06-30T13:41:09+00:00\",\"dateModified\":\"2016-09-09T15:51:26+00:00\",\"breadcrumb\":{\"@id\":\"https:\\\/\\\/www.beltrami.it\\\/en\\\/hotel\\\/hotel-plaza-athenee\\\/#breadcrumb\"},\"inLanguage\":\"en-US\",\"potentialAction\":[{\"@type\":\"ReadAction\",\"target\":[\"https:\\\/\\\/www.beltrami.it\\\/en\\\/hotel\\\/hotel-plaza-athenee\\\/\"]}]},{\"@type\":\"ImageObject\",\"inLanguage\":\"en-US\",\"@id\":\"https:\\\/\\\/www.beltrami.it\\\/en\\\/hotel\\\/hotel-plaza-athenee\\\/#primaryimage\",\"url\":\"https:\\\/\\\/www.beltrami.it\\\/wp-content\\\/uploads\\\/2016\\\/06\\\/plaza-athenee.jpg\",\"contentUrl\":\"https:\\\/\\\/www.beltrami.it\\\/wp-content\\\/uploads\\\/2016\\\/06\\\/plaza-athenee.jpg\",\"width\":1200,\"height\":600},{\"@type\":\"BreadcrumbList\",\"@id\":\"https:\\\/\\\/www.beltrami.it\\\/en\\\/hotel\\\/hotel-plaza-athenee\\\/#breadcrumb\",\"itemListElement\":[{\"@type\":\"ListItem\",\"position\":1,\"name\":\"Home\",\"item\":\"https:\\\/\\\/www.beltrami.it\\\/en\\\/\"},{\"@type\":\"ListItem\",\"position\":2,\"name\":\"Hotel\",\"item\":\"https:\\\/\\\/www.beltrami.it\\\/en\\\/hotel\\\/\"},{\"@type\":\"ListItem\",\"position\":3,\"name\":\"Hotel Plaza Athe\u0301ne\u0301e\"}]},{\"@type\":\"WebSite\",\"@id\":\"https:\\\/\\\/www.beltrami.it\\\/#website\",\"url\":\"https:\\\/\\\/www.beltrami.it\\\/\",\"name\":\"Beltrami\",\"description\":\"Un nuovo sito targato WordPress\",\"potentialAction\":[{\"@type\":\"SearchAction\",\"target\":{\"@type\":\"EntryPoint\",\"urlTemplate\":\"https:\\\/\\\/www.beltrami.it\\\/?s={search_term_string}\"},\"query-input\":{\"@type\":\"PropertyValueSpecification\",\"valueRequired\":true,\"valueName\":\"search_term_string\"}}],\"inLanguage\":\"en-US\"}]}<\/script>\n<!-- \/ Yoast SEO plugin. -->","yoast_head_json":{"title":"Hotel Plaza Athe\u0301ne\u0301e - Beltrami","robots":{"index":"index","follow":"follow","max-snippet":"max-snippet:-1","max-image-preview":"max-image-preview:large","max-video-preview":"max-video-preview:-1"},"canonical":"https:\/\/www.beltrami.it\/en\/hotel\/hotel-plaza-athenee\/","og_locale":"en_US","og_type":"article","og_title":"Hotel Plaza Athe\u0301ne\u0301e - Beltrami","og_description":"The Haute Couture address in Paris When it comes to luxury in the most romantic and stylish city in the world, look no further than the legendary H\u00f4tel Plaza Ath\u00e9n\u00e9e. Situated in the heart of Haute Couture, on the renowned avenue Montaigne, this Dorchester Collection hotel is in the ideal location for the finest shopping [&hellip;]","og_url":"https:\/\/www.beltrami.it\/en\/hotel\/hotel-plaza-athenee\/","og_site_name":"Beltrami","article_publisher":"https:\/\/www.facebook.com\/beltrami.linen","article_modified_time":"2016-09-09T15:51:26+00:00","og_image":[{"width":1200,"height":600,"url":"https:\/\/www.beltrami.it\/wp-content\/uploads\/2016\/06\/plaza-athenee.jpg","type":"image\/jpeg"}],"twitter_card":"summary_large_image","twitter_misc":{"Est. reading time":"1 minute"},"schema":{"@context":"https:\/\/schema.org","@graph":[{"@type":"WebPage","@id":"https:\/\/www.beltrami.it\/en\/hotel\/hotel-plaza-athenee\/","url":"https:\/\/www.beltrami.it\/en\/hotel\/hotel-plaza-athenee\/","name":"Hotel Plaza Athe\u0301ne\u0301e - Beltrami","isPartOf":{"@id":"https:\/\/www.beltrami.it\/#website"},"primaryImageOfPage":{"@id":"https:\/\/www.beltrami.it\/en\/hotel\/hotel-plaza-athenee\/#primaryimage"},"image":{"@id":"https:\/\/www.beltrami.it\/en\/hotel\/hotel-plaza-athenee\/#primaryimage"},"thumbnailUrl":"https:\/\/www.beltrami.it\/wp-content\/uploads\/2016\/06\/plaza-athenee.jpg","datePublished":"2016-06-30T13:41:09+00:00","dateModified":"2016-09-09T15:51:26+00:00","breadcrumb":{"@id":"https:\/\/www.beltrami.it\/en\/hotel\/hotel-plaza-athenee\/#breadcrumb"},"inLanguage":"en-US","potentialAction":[{"@type":"ReadAction","target":["https:\/\/www.beltrami.it\/en\/hotel\/hotel-plaza-athenee\/"]}]},{"@type":"ImageObject","inLanguage":"en-US","@id":"https:\/\/www.beltrami.it\/en\/hotel\/hotel-plaza-athenee\/#primaryimage","url":"https:\/\/www.beltrami.it\/wp-content\/uploads\/2016\/06\/plaza-athenee.jpg","contentUrl":"https:\/\/www.beltrami.it\/wp-content\/uploads\/2016\/06\/plaza-athenee.jpg","width":1200,"height":600},{"@type":"BreadcrumbList","@id":"https:\/\/www.beltrami.it\/en\/hotel\/hotel-plaza-athenee\/#breadcrumb","itemListElement":[{"@type":"ListItem","position":1,"name":"Home","item":"https:\/\/www.beltrami.it\/en\/"},{"@type":"ListItem","position":2,"name":"Hotel","item":"https:\/\/www.beltrami.it\/en\/hotel\/"},{"@type":"ListItem","position":3,"name":"Hotel Plaza Athe\u0301ne\u0301e"}]},{"@type":"WebSite","@id":"https:\/\/www.beltrami.it\/#website","url":"https:\/\/www.beltrami.it\/","name":"Beltrami","description":"Un nuovo sito targato WordPress","potentialAction":[{"@type":"SearchAction","target":{"@type":"EntryPoint","urlTemplate":"https:\/\/www.beltrami.it\/?s={search_term_string}"},"query-input":{"@type":"PropertyValueSpecification","valueRequired":true,"valueName":"search_term_string"}}],"inLanguage":"en-US"}]}},"_links":{"self":[{"href":"https:\/\/www.beltrami.it\/en\/wp-json\/wp\/v2\/pages\/286","targetHints":{"allow":["GET"]}}],"collection":[{"href":"https:\/\/www.beltrami.it\/en\/wp-json\/wp\/v2\/pages"}],"about":[{"href":"https:\/\/www.beltrami.it\/en\/wp-json\/wp\/v2\/types\/page"}],"author":[{"embeddable":true,"href":"https:\/\/www.beltrami.it\/en\/wp-json\/wp\/v2\/users\/1"}],"replies":[{"embeddable":true,"href":"https:\/\/www.beltrami.it\/en\/wp-json\/wp\/v2\/comments?post=286"}],"version-history":[{"count":0,"href":"https:\/\/www.beltrami.it\/en\/wp-json\/wp\/v2\/pages\/286\/revisions"}],"up":[{"embeddable":true,"href":"https:\/\/www.beltrami.it\/en\/wp-json\/wp\/v2\/pages\/206"}],"wp:featuredmedia":[{"embeddable":true,"href":"https:\/\/www.beltrami.it\/en\/wp-json\/wp\/v2\/media\/73"}],"wp:attachment":[{"href":"https:\/\/www.beltrami.it\/en\/wp-json\/wp\/v2\/media?parent=286"}],"curies":[{"name":"wp","href":"https:\/\/api.w.org\/{rel}","templated":true}]}}