{"id":419,"date":"2016-09-12T15:15:15","date_gmt":"2016-09-12T13:15:15","guid":{"rendered":"http:\/\/www.beltrami.it\/en\/?page_id=419"},"modified":"2016-09-12T15:19:16","modified_gmt":"2016-09-12T13:19:16","slug":"hotel-le-bristol","status":"publish","type":"page","link":"https:\/\/www.beltrami.it\/en\/hotel\/hotel-le-bristol\/","title":{"rendered":"H\u00f4tel Le Bristol"},"content":{"rendered":"<p><strong>Magnificent spaces of individual style and timeless luxury a la fran\u00e7aise<\/strong><\/p>\n<p>A 6-minute walk from Franklin D. Roosevelt metro station and the Avenue des Champs \u00c9lys\u00e9es, Le Bristol Paris, jewel of the Oetker Collection, has been celebrated for its definition of luxury; service of the highest order through mastery and sincerity.<\/p>\n<p>Founded in 1925, Le Bristol Paris perpetuates its legend through enduring values, believing luxury is about the new, the rare and the wonderful created with true craftsmanship. The 188 light spacious rooms and suites, are restored in authentic 18th-century style with every conceivable modern comfort.<\/p>\n","protected":false},"excerpt":{"rendered":"<p>Magnificent spaces of individual style and timeless luxury a la fran\u00e7aise A 6-minute walk from Franklin D. Roosevelt metro station and the Avenue des Champs \u00c9lys\u00e9es, Le Bristol Paris, jewel of the Oetker Collection, has been celebrated for its definition of luxury; service of the highest order through mastery and sincerity. Founded in 1925, Le [&hellip;]<\/p>\n","protected":false},"author":5,"featured_media":424,"parent":206,"menu_order":0,"comment_status":"closed","ping_status":"closed","template":"","meta":{"_acf_changed":false,"footnotes":""},"class_list":["post-419","page","type-page","status-publish","has-post-thumbnail","hentry"],"acf":[],"yoast_head":"<!-- This site is optimized with the Yoast SEO plugin v27.5 - https:\/\/yoast.com\/product\/yoast-seo-wordpress\/ -->\n<title>H\u00f4tel Le Bristol - Beltrami<\/title>\n<meta name=\"robots\" content=\"index, follow, max-snippet:-1, max-image-preview:large, max-video-preview:-1\" \/>\n<link rel=\"canonical\" href=\"https:\/\/www.beltrami.it\/en\/hotel\/hotel-le-bristol\/\" \/>\n<meta property=\"og:locale\" content=\"en_US\" \/>\n<meta property=\"og:type\" content=\"article\" \/>\n<meta property=\"og:title\" content=\"H\u00f4tel Le Bristol - Beltrami\" \/>\n<meta property=\"og:description\" content=\"Magnificent spaces of individual style and timeless luxury a la fran\u00e7aise A 6-minute walk from Franklin D. Roosevelt metro station and the Avenue des Champs \u00c9lys\u00e9es, Le Bristol Paris, jewel of the Oetker Collection, has been celebrated for its definition of luxury; service of the highest order through mastery and sincerity. Founded in 1925, Le [&hellip;]\" \/>\n<meta property=\"og:url\" content=\"https:\/\/www.beltrami.it\/en\/hotel\/hotel-le-bristol\/\" \/>\n<meta property=\"og:site_name\" content=\"Beltrami\" \/>\n<meta property=\"article:publisher\" content=\"https:\/\/www.facebook.com\/beltrami.linen\" \/>\n<meta property=\"article:modified_time\" content=\"2016-09-12T13:19:16+00:00\" \/>\n<meta property=\"og:image\" content=\"https:\/\/www.beltrami.it\/wp-content\/uploads\/2016\/09\/Le-Bristol-Paris_Fa\u00baade_1-1.jpg\" \/>\n\t<meta property=\"og:image:width\" content=\"3653\" \/>\n\t<meta property=\"og:image:height\" content=\"3698\" \/>\n\t<meta property=\"og:image:type\" content=\"image\/jpeg\" \/>\n<meta name=\"twitter:card\" content=\"summary_large_image\" \/>\n<script type=\"application\/ld+json\" class=\"yoast-schema-graph\">{\"@context\":\"https:\\\/\\\/schema.org\",\"@graph\":[{\"@type\":\"WebPage\",\"@id\":\"https:\\\/\\\/www.beltrami.it\\\/en\\\/hotel\\\/hotel-le-bristol\\\/\",\"url\":\"https:\\\/\\\/www.beltrami.it\\\/en\\\/hotel\\\/hotel-le-bristol\\\/\",\"name\":\"H\u00f4tel Le Bristol - Beltrami\",\"isPartOf\":{\"@id\":\"https:\\\/\\\/www.beltrami.it\\\/#website\"},\"primaryImageOfPage\":{\"@id\":\"https:\\\/\\\/www.beltrami.it\\\/en\\\/hotel\\\/hotel-le-bristol\\\/#primaryimage\"},\"image\":{\"@id\":\"https:\\\/\\\/www.beltrami.it\\\/en\\\/hotel\\\/hotel-le-bristol\\\/#primaryimage\"},\"thumbnailUrl\":\"https:\\\/\\\/www.beltrami.it\\\/wp-content\\\/uploads\\\/2016\\\/09\\\/Le-Bristol-Paris_Fa\u00baade_1-1.jpg\",\"datePublished\":\"2016-09-12T13:15:15+00:00\",\"dateModified\":\"2016-09-12T13:19:16+00:00\",\"breadcrumb\":{\"@id\":\"https:\\\/\\\/www.beltrami.it\\\/en\\\/hotel\\\/hotel-le-bristol\\\/#breadcrumb\"},\"inLanguage\":\"en-US\",\"potentialAction\":[{\"@type\":\"ReadAction\",\"target\":[\"https:\\\/\\\/www.beltrami.it\\\/en\\\/hotel\\\/hotel-le-bristol\\\/\"]}]},{\"@type\":\"ImageObject\",\"inLanguage\":\"en-US\",\"@id\":\"https:\\\/\\\/www.beltrami.it\\\/en\\\/hotel\\\/hotel-le-bristol\\\/#primaryimage\",\"url\":\"https:\\\/\\\/www.beltrami.it\\\/wp-content\\\/uploads\\\/2016\\\/09\\\/Le-Bristol-Paris_Fa\u00baade_1-1.jpg\",\"contentUrl\":\"https:\\\/\\\/www.beltrami.it\\\/wp-content\\\/uploads\\\/2016\\\/09\\\/Le-Bristol-Paris_Fa\u00baade_1-1.jpg\",\"width\":3653,\"height\":3698},{\"@type\":\"BreadcrumbList\",\"@id\":\"https:\\\/\\\/www.beltrami.it\\\/en\\\/hotel\\\/hotel-le-bristol\\\/#breadcrumb\",\"itemListElement\":[{\"@type\":\"ListItem\",\"position\":1,\"name\":\"Home\",\"item\":\"https:\\\/\\\/www.beltrami.it\\\/en\\\/\"},{\"@type\":\"ListItem\",\"position\":2,\"name\":\"Hotel\",\"item\":\"https:\\\/\\\/www.beltrami.it\\\/en\\\/hotel\\\/\"},{\"@type\":\"ListItem\",\"position\":3,\"name\":\"H\u00f4tel Le Bristol\"}]},{\"@type\":\"WebSite\",\"@id\":\"https:\\\/\\\/www.beltrami.it\\\/#website\",\"url\":\"https:\\\/\\\/www.beltrami.it\\\/\",\"name\":\"Beltrami\",\"description\":\"Un nuovo sito targato WordPress\",\"potentialAction\":[{\"@type\":\"SearchAction\",\"target\":{\"@type\":\"EntryPoint\",\"urlTemplate\":\"https:\\\/\\\/www.beltrami.it\\\/?s={search_term_string}\"},\"query-input\":{\"@type\":\"PropertyValueSpecification\",\"valueRequired\":true,\"valueName\":\"search_term_string\"}}],\"inLanguage\":\"en-US\"}]}<\/script>\n<!-- \/ Yoast SEO plugin. -->","yoast_head_json":{"title":"H\u00f4tel Le Bristol - Beltrami","robots":{"index":"index","follow":"follow","max-snippet":"max-snippet:-1","max-image-preview":"max-image-preview:large","max-video-preview":"max-video-preview:-1"},"canonical":"https:\/\/www.beltrami.it\/en\/hotel\/hotel-le-bristol\/","og_locale":"en_US","og_type":"article","og_title":"H\u00f4tel Le Bristol - Beltrami","og_description":"Magnificent spaces of individual style and timeless luxury a la fran\u00e7aise A 6-minute walk from Franklin D. Roosevelt metro station and the Avenue des Champs \u00c9lys\u00e9es, Le Bristol Paris, jewel of the Oetker Collection, has been celebrated for its definition of luxury; service of the highest order through mastery and sincerity. Founded in 1925, Le [&hellip;]","og_url":"https:\/\/www.beltrami.it\/en\/hotel\/hotel-le-bristol\/","og_site_name":"Beltrami","article_publisher":"https:\/\/www.facebook.com\/beltrami.linen","article_modified_time":"2016-09-12T13:19:16+00:00","og_image":[{"width":3653,"height":3698,"url":"https:\/\/www.beltrami.it\/wp-content\/uploads\/2016\/09\/Le-Bristol-Paris_Fa\u00baade_1-1.jpg","type":"image\/jpeg"}],"twitter_card":"summary_large_image","schema":{"@context":"https:\/\/schema.org","@graph":[{"@type":"WebPage","@id":"https:\/\/www.beltrami.it\/en\/hotel\/hotel-le-bristol\/","url":"https:\/\/www.beltrami.it\/en\/hotel\/hotel-le-bristol\/","name":"H\u00f4tel Le Bristol - Beltrami","isPartOf":{"@id":"https:\/\/www.beltrami.it\/#website"},"primaryImageOfPage":{"@id":"https:\/\/www.beltrami.it\/en\/hotel\/hotel-le-bristol\/#primaryimage"},"image":{"@id":"https:\/\/www.beltrami.it\/en\/hotel\/hotel-le-bristol\/#primaryimage"},"thumbnailUrl":"https:\/\/www.beltrami.it\/wp-content\/uploads\/2016\/09\/Le-Bristol-Paris_Fa\u00baade_1-1.jpg","datePublished":"2016-09-12T13:15:15+00:00","dateModified":"2016-09-12T13:19:16+00:00","breadcrumb":{"@id":"https:\/\/www.beltrami.it\/en\/hotel\/hotel-le-bristol\/#breadcrumb"},"inLanguage":"en-US","potentialAction":[{"@type":"ReadAction","target":["https:\/\/www.beltrami.it\/en\/hotel\/hotel-le-bristol\/"]}]},{"@type":"ImageObject","inLanguage":"en-US","@id":"https:\/\/www.beltrami.it\/en\/hotel\/hotel-le-bristol\/#primaryimage","url":"https:\/\/www.beltrami.it\/wp-content\/uploads\/2016\/09\/Le-Bristol-Paris_Fa\u00baade_1-1.jpg","contentUrl":"https:\/\/www.beltrami.it\/wp-content\/uploads\/2016\/09\/Le-Bristol-Paris_Fa\u00baade_1-1.jpg","width":3653,"height":3698},{"@type":"BreadcrumbList","@id":"https:\/\/www.beltrami.it\/en\/hotel\/hotel-le-bristol\/#breadcrumb","itemListElement":[{"@type":"ListItem","position":1,"name":"Home","item":"https:\/\/www.beltrami.it\/en\/"},{"@type":"ListItem","position":2,"name":"Hotel","item":"https:\/\/www.beltrami.it\/en\/hotel\/"},{"@type":"ListItem","position":3,"name":"H\u00f4tel Le Bristol"}]},{"@type":"WebSite","@id":"https:\/\/www.beltrami.it\/#website","url":"https:\/\/www.beltrami.it\/","name":"Beltrami","description":"Un nuovo sito targato WordPress","potentialAction":[{"@type":"SearchAction","target":{"@type":"EntryPoint","urlTemplate":"https:\/\/www.beltrami.it\/?s={search_term_string}"},"query-input":{"@type":"PropertyValueSpecification","valueRequired":true,"valueName":"search_term_string"}}],"inLanguage":"en-US"}]}},"_links":{"self":[{"href":"https:\/\/www.beltrami.it\/en\/wp-json\/wp\/v2\/pages\/419","targetHints":{"allow":["GET"]}}],"collection":[{"href":"https:\/\/www.beltrami.it\/en\/wp-json\/wp\/v2\/pages"}],"about":[{"href":"https:\/\/www.beltrami.it\/en\/wp-json\/wp\/v2\/types\/page"}],"author":[{"embeddable":true,"href":"https:\/\/www.beltrami.it\/en\/wp-json\/wp\/v2\/users\/5"}],"replies":[{"embeddable":true,"href":"https:\/\/www.beltrami.it\/en\/wp-json\/wp\/v2\/comments?post=419"}],"version-history":[{"count":0,"href":"https:\/\/www.beltrami.it\/en\/wp-json\/wp\/v2\/pages\/419\/revisions"}],"up":[{"embeddable":true,"href":"https:\/\/www.beltrami.it\/en\/wp-json\/wp\/v2\/pages\/206"}],"wp:featuredmedia":[{"embeddable":true,"href":"https:\/\/www.beltrami.it\/en\/wp-json\/wp\/v2\/media\/424"}],"wp:attachment":[{"href":"https:\/\/www.beltrami.it\/en\/wp-json\/wp\/v2\/media?parent=419"}],"curies":[{"name":"wp","href":"https:\/\/api.w.org\/{rel}","templated":true}]}}